{"id":669,"date":"2015-05-08T13:00:09","date_gmt":"2015-05-08T13:00:09","guid":{"rendered":"http:\/\/themes.newgraphicses.it\/themes\/love-travel\/wp\/demo-travel\/?page_id=669"},"modified":"2023-11-07T21:45:07","modified_gmt":"2023-11-07T21:45:07","slug":"contactos","status":"publish","type":"page","link":"https:\/\/classicsintratours.pt\/pt-pt\/contactos\/","title":{"rendered":"Contactos"},"content":{"rendered":"<p>[vc_row row_style=&#8221;full_width&#8221; imgparallax=&#8221;no&#8221; filter=&#8221;none&#8221;][vc_column css=&#8221;.vc_custom_1460877524337{padding-right: 0px !important;padding-left: 0px !important;}&#8221;][vc_gmaps link=&#8221;#E-8_JTNDaWZyYW1lJTIwc3JjJTNEJTIyaHR0cHMlM0ElMkYlMkZ3d3cuZ29vZ2xlLmNvbSUyRm1hcHMlMkZlbWJlZCUzRnBiJTNEJTIxMW0xOCUyMTFtMTIlMjExbTMlMjExZDQ5NzU3LjAwNzUzOTQzNDkzJTIxMmQtOS4zODUzODg2NjQ0MTUzODYlMjEzZDM4Ljc5MDkyMTcyNjE4Mzc0JTIxMm0zJTIxMWYwJTIxMmYwJTIxM2YwJTIxM20yJTIxMWkxMDI0JTIxMmk3NjglMjE0ZjEzLjElMjEzbTMlMjExbTIlMjExczB4ZDFlZGFjMWE3NTEwZWU5JTI1M0EweDEzNTg1Y2MwYjAwZjU3M2MlMjEyc1NpbnRyYSUyMTVlMCUyMTNtMiUyMTFzcHQtUFQlMjEyc3B0JTIxNHYxNDkxODUyNzUwMTU5JTIyJTIwd2lkdGglM0QlMjI2MDAlMjIlMjBoZWlnaHQlM0QlMjI0NTAlMjIlMjBmcmFtZWJvcmRlciUzRCUyMjAlMjIlMjBzdHlsZSUzRCUyMmJvcmRlciUzQTAlMjIlMjBhbGxvd2Z1bGxzY3JlZW4lM0UlM0MlMkZpZnJhbWUlM0U=&#8221; size=&#8221;450&#8243;][\/vc_column][\/vc_row][vc_row css=&#8221;.vc_custom_1460877314229{padding-top: 0px !important;padding-bottom: 0px !important;}&#8221; row_style=&#8221;container&#8221; imgparallax=&#8221;no&#8221; filter=&#8221;none&#8221;][vc_column css=&#8221;.vc_custom_1460877322909{margin-top: -63px !important;padding-top: 0px !important;padding-bottom: 0px !important;}&#8221;][vc_row_inner el_class=&#8221;nicdark_sizing nicdark_border_grey nicdark_bg_grey&#8221; row_style=&#8221;full_width&#8221; imgparallax=&#8221;no&#8221; filter=&#8221;none&#8221; css=&#8221;.vc_custom_1431678514242{padding-top: 20px !important;padding-right: 10px !important;padding-left: 10px !important;}&#8221;][vc_column_inner width=&#8221;1\/3&#8243;]\n\n    <div class=\" nicdark_archive1 nicdark_relative\">\n        \n        <a target=\"\" href=\"\" class=\"nicdark_btn_icon nicdark_bg_green extrabig  white nicdark_absolute \"><i class=\"icon-location-2\"><\/i><\/a>\n    \n        <div class=\"nicdark_activity nicdark_marginleft100\">\n            <h4>Morada<\/h4>                        \n            <div class=\"nicdark_space20\"><\/div>\n            <p>Sintra<\/p>\n            <div class=\"nicdark_space20\"><\/div>\n            \n            <div class=\"nicdark_space5\"><\/div>\n        <\/div>\n    <\/div>\n      \n   [\/vc_column_inner][vc_column_inner width=&#8221;1\/3&#8243;]\n\n    <div class=\"white nicdark_archive1 nicdark_relative\">\n        \n        <a target=\"\" href=\"\" class=\"nicdark_btn_icon nicdark_bg_blue extrabig  white nicdark_absolute \"><i class=\"icon-mail-2\"><\/i><\/a>\n    \n        <div class=\"nicdark_activity nicdark_marginleft100\">\n            <h4>Envie o seu email<\/h4>                        \n            <div class=\"nicdark_space20\"><\/div>\n            <p>geral@classicsintratours.pt<\/p>\n            <div class=\"nicdark_space20\"><\/div>\n            \n            <div class=\"nicdark_space5\"><\/div>\n        <\/div>\n    <\/div>\n      \n   [\/vc_column_inner][vc_column_inner width=&#8221;1\/3&#8243;]\n\n    <div class=\" nicdark_archive1 nicdark_relative\">\n        \n        <a target=\"\" href=\"\" class=\"nicdark_btn_icon nicdark_bg_violet extrabig  white nicdark_absolute \"><i class=\"icon-thumbs-up-2\"><\/i><\/a>\n    \n        <div class=\"nicdark_activity nicdark_marginleft100\">\n            <h4>Siga-nos<\/h4>                        \n            <div class=\"nicdark_space20\"><\/div>\n            <p>facebook.com\/Classicsintratours<\/p>\n            <div class=\"nicdark_space20\"><\/div>\n            \n            <div class=\"nicdark_space5\"><\/div>\n        <\/div>\n    <\/div>\n      \n   [\/vc_column_inner][\/vc_row_inner][\/vc_column][\/vc_row][vc_row css=&#8221;.vc_custom_1431678648586{margin-top: 60px !important;}&#8221; row_style=&#8221;container&#8221; imgparallax=&#8221;no&#8221; filter=&#8221;none&#8221; idsection=&#8221;info-row-contact&#8221;][vc_column width=&#8221;1\/4&#8243;][\/vc_column][vc_column width=&#8221;1\/2&#8243;][vc_column_text]<\/p>\n<p style=\"text-align: center;\">Aqui pode enviar todas as duvidas que possa ter ou mesmo pedir cota\u00e7\u00e3o para o seu tour \u00e0 medida, teremos todo o prazer em responder e ajudar da melhor forma.N\u00e3o fique \u00e0 espera entre em contato!<\/p>\n<p>[\/vc_column_text][vc_empty_space][vc_column_text]<\/p>\n<p style=\"text-align: center;\"><strong>Sabia que ?<\/strong><br \/>\nPortugal \u00e9 considerado um dos melhores pa\u00edses para visitar ?<\/p>\n<p>[\/vc_column_text][\/vc_column][vc_column width=&#8221;1\/4&#8243;][\/vc_column][\/vc_row][vc_row css=&#8221;.vc_custom_1431678189975{margin-top: 30px !important;margin-bottom: 60px !important;}&#8221; row_style=&#8221;container&#8221; imgparallax=&#8221;no&#8221; filter=&#8221;none&#8221; idsection=&#8221;info-row-contact&#8221;][vc_column]\n<div class=\"wpcf7 no-js\" id=\"wpcf7-f2764-o1\" lang=\"pt-PT\" dir=\"ltr\">\n<div class=\"screen-reader-response\"><p role=\"status\" aria-live=\"polite\" aria-atomic=\"true\"><\/p> <ul><\/ul><\/div>\n<form action=\"\/pt-pt\/wp-json\/wp\/v2\/pages\/669#wpcf7-f2764-o1\" method=\"post\" class=\"wpcf7-form init\" aria-label=\"Contact form\" novalidate=\"novalidate\" data-status=\"init\">\n<div style=\"display: none;\">\n<input type=\"hidden\" name=\"_wpcf7\" value=\"2764\" \/>\n<input type=\"hidden\" name=\"_wpcf7_version\" value=\"5.8.2\" \/>\n<input type=\"hidden\" name=\"_wpcf7_locale\" value=\"pt_PT\" \/>\n<input type=\"hidden\" name=\"_wpcf7_unit_tag\" value=\"wpcf7-f2764-o1\" \/>\n<input type=\"hidden\" name=\"_wpcf7_container_post\" value=\"0\" \/>\n<input type=\"hidden\" name=\"_wpcf7_posted_data_hash\" value=\"\" \/>\n<\/div>\n<p><label> Your name<br \/>\n<span class=\"wpcf7-form-control-wrap\" data-name=\"your-name\"><input size=\"40\" class=\"wpcf7-form-control wpcf7-text wpcf7-validates-as-required\" autocomplete=\"name\" aria-required=\"true\" aria-invalid=\"false\" value=\"\" type=\"text\" name=\"your-name\" \/><\/span> <\/label>\n<\/p>\n<p><label> Your email<br \/>\n<span class=\"wpcf7-form-control-wrap\" data-name=\"your-email\"><input size=\"40\" class=\"wpcf7-form-control wpcf7-email wpcf7-validates-as-required wpcf7-text wpcf7-validates-as-email\" autocomplete=\"email\" aria-required=\"true\" aria-invalid=\"false\" value=\"\" type=\"email\" name=\"your-email\" \/><\/span> <\/label>\n<\/p>\n<p><label> Subject<br \/>\n<span class=\"wpcf7-form-control-wrap\" data-name=\"your-subject\"><input size=\"40\" class=\"wpcf7-form-control wpcf7-text wpcf7-validates-as-required\" aria-required=\"true\" aria-invalid=\"false\" value=\"\" type=\"text\" name=\"your-subject\" \/><\/span> <\/label>\n<\/p>\n<p><label> Your message (optional)<br \/>\n<span class=\"wpcf7-form-control-wrap\" data-name=\"your-message\"><textarea cols=\"40\" rows=\"10\" class=\"wpcf7-form-control wpcf7-textarea\" aria-invalid=\"false\" name=\"your-message\"><\/textarea><\/span> <\/label>\n<\/p>\n<p><input class=\"wpcf7-form-control wpcf7-submit has-spinner\" type=\"submit\" value=\"Submit\" \/>\n<\/p><div class=\"wpcf7-response-output\" aria-hidden=\"true\"><\/div>\n<\/form>\n<\/div>\n[\/vc_column][\/vc_row]<\/p>\n","protected":false},"excerpt":{"rendered":"<p>[vc_row row_style=&#8221;full_width&#8221; imgparallax=&#8221;no&#8221; filter=&#8221;none&#8221;][vc_column css=&#8221;.vc_custom_1460877524337{padding-right: 0px !important;padding-left: 0px !important;}&#8221;][vc_gmaps link=&#8221;#E-8_JTNDaWZyYW1lJTIwc3JjJTNEJTIyaHR0cHMlM0ElMkYlMkZ3d3cuZ29vZ2xlLmNvbSUyRm1hcHMlMkZlbWJlZCUzRnBiJTNEJTIxMW0xOCUyMTFtMTIlMjExbTMlMjExZDQ5NzU3LjAwNzUzOTQzNDkzJTIxMmQtOS4zODUzODg2NjQ0MTUzODYlMjEzZDM4Ljc5MDkyMTcyNjE4Mzc0JTIxMm0zJTIxMWYwJTIxMmYwJTIxM2YwJTIxM20yJTIxMWkxMDI0JTIxMmk3NjglMjE0ZjEzLjElMjEzbTMlMjExbTIlMjExczB4ZDFlZGFjMWE3NTEwZWU5JTI1M0EweDEzNTg1Y2MwYjAwZjU3M2MlMjEyc1NpbnRyYSUyMTVlMCUyMTNtMiUyMTFzcHQtUFQlMjEyc3B0JTIxNHYxNDkxODUyNzUwMTU5JTIyJTIwd2lkdGglM0QlMjI2MDAlMjIlMjBoZWlnaHQlM0QlMjI0NTAlMjIlMjBmcmFtZWJvcmRlciUzRCUyMjAlMjIlMjBzdHlsZSUzRCUyMmJvcmRlciUzQTAlMjIlMjBhbGxvd2Z1bGxzY3JlZW4lM0UlM0MlMkZpZnJhbWUlM0U=&#8221; size=&#8221;450&#8243;][\/vc_column][\/vc_row][vc_row css=&#8221;.vc_custom_1460877314229{padding-top: 0px !important;padding-bottom: 0px !important;}&#8221; row_style=&#8221;container&#8221; imgparallax=&#8221;no&#8221; filter=&#8221;none&#8221;][vc_column css=&#8221;.vc_custom_1460877322909{margin-top: -63px !important;padding-top: 0px !important;padding-bottom: 0px !important;}&#8221;][vc_row_inner el_class=&#8221;nicdark_sizing nicdark_border_grey nicdark_bg_grey&#8221; row_style=&#8221;full_width&#8221; imgparallax=&#8221;no&#8221; filter=&#8221;none&#8221; css=&#8221;.vc_custom_1431678514242{padding-top: 20px !important;padding-right: 10px !important;padding-left: 10px !important;}&#8221;][vc_column_inner width=&#8221;1\/3&#8243;][\/vc_column_inner][vc_column_inner width=&#8221;1\/3&#8243;][\/vc_column_inner][vc_column_inner width=&#8221;1\/3&#8243;][\/vc_column_inner][\/vc_row_inner][\/vc_column][\/vc_row][vc_row css=&#8221;.vc_custom_1431678648586{margin-top: 60px !important;}&#8221; row_style=&#8221;container&#8221; imgparallax=&#8221;no&#8221; filter=&#8221;none&#8221; idsection=&#8221;info-row-contact&#8221;][vc_column width=&#8221;1\/4&#8243;][\/vc_column][vc_column width=&#8221;1\/2&#8243;][vc_column_text] Aqui pode enviar todas &#8230;<\/p>\n","protected":false},"author":1,"featured_media":0,"parent":0,"menu_order":0,"comment_status":"closed","ping_status":"closed","template":"","meta":{"footnotes":""},"class_list":["post-669","page","type-page","status-publish","hentry"],"_links":{"self":[{"href":"https:\/\/classicsintratours.pt\/pt-pt\/wp-json\/wp\/v2\/pages\/669"}],"collection":[{"href":"https:\/\/classicsintratours.pt\/pt-pt\/wp-json\/wp\/v2\/pages"}],"about":[{"href":"https:\/\/classicsintratours.pt\/pt-pt\/wp-json\/wp\/v2\/types\/page"}],"author":[{"embeddable":true,"href":"https:\/\/classicsintratours.pt\/pt-pt\/wp-json\/wp\/v2\/users\/1"}],"replies":[{"embeddable":true,"href":"https:\/\/classicsintratours.pt\/pt-pt\/wp-json\/wp\/v2\/comments?post=669"}],"version-history":[{"count":13,"href":"https:\/\/classicsintratours.pt\/pt-pt\/wp-json\/wp\/v2\/pages\/669\/revisions"}],"predecessor-version":[{"id":2185,"href":"https:\/\/classicsintratours.pt\/pt-pt\/wp-json\/wp\/v2\/pages\/669\/revisions\/2185"}],"wp:attachment":[{"href":"https:\/\/classicsintratours.pt\/pt-pt\/wp-json\/wp\/v2\/media?parent=669"}],"curies":[{"name":"wp","href":"https:\/\/api.w.org\/{rel}","templated":true}]}}