{"id":197,"date":"2015-04-16T15:22:03","date_gmt":"2015-04-16T15:22:03","guid":{"rendered":"http:\/\/themes.newgraphicses.it\/themes\/love-travel\/wp\/demo-travel\/?page_id=197"},"modified":"2017-07-03T19:28:56","modified_gmt":"2017-07-03T19:28:56","slug":"sobre-nos","status":"publish","type":"page","link":"https:\/\/classicsintratours.pt\/pt-pt\/sobre-nos\/","title":{"rendered":"Sobre N\u00f3s"},"content":{"rendered":"<p>[vc_row parallax=&#8221;content-moving&#8221; css=&#8221;.vc_custom_1492036540866{padding-top: 0px !important;}&#8221;][vc_column offset=&#8221;vc_col-lg-offset-2 vc_col-lg-8&#8243;][vc_empty_space][vc_column_text]<\/p>\n<h3 style=\"text-align: center;\">Sobre N\u00f3s<\/h3>\n<p>&nbsp;<\/p>\n<p style=\"text-align: center;\">Bem-vindo a <strong>Sintra<\/strong>!! A nossa miss\u00e3o \u00e9 faze-lo feliz neste s\u00edtio m\u00e1gico.<br \/>\nEste \u00e9 um local para relembrar com um sorriso na cara.<br \/>\nN\u00f3s vivemos em <strong>Sintra<\/strong> e adoramos esta Vila.<br \/>\nSomos uma empresa familiar que adora conhecer novas pessoas.<br \/>\nPartilhar conhecimento com outros \u00e9 como viajar.<br \/>\nQueremos mostrar-lhe os nossos s\u00edtios favoritos e proporcionar as melhores experi\u00eancias em <strong>Sintra<\/strong>.<\/p>\n<p>[\/vc_column_text][vc_empty_space][vc_column_text]<\/p>\n<h3 style=\"text-align: center;\">E acredite, existem MUITAS!<\/h3>\n<p>&nbsp;<\/p>\n<p style=\"text-align: center;\">Existem as montanhas, os<strong> pal\u00e1cios<\/strong>, as <strong>praias<\/strong>, a \u00f3ptima comida, e todos os mist\u00e9rios que s\u00e3o caracter\u00edsticos de <strong>Sintra<\/strong>.<br \/>\nPodemos planear a sua tour de forma a proporcionar-lhe memor\u00e1veis lembran\u00e7as. Fazemos <strong>tours<\/strong> de acordo com os seus desejos.<\/p>\n<p>[\/vc_column_text][vc_empty_space][vc_column_text]<\/p>\n<h3 style=\"text-align: center;\">Adoramos hist\u00f3ria e carros antigos!<\/h3>\n<p style=\"text-align: center;\"><strong>\u00a0<\/strong><\/p>\n<p style=\"text-align: center;\">Esta \u00e9 a raz\u00e3o pela qual todos os nossos carros s\u00e3o cl\u00e1ssicos.<br \/>\nCl\u00e1ssicos e <strong>Sintra<\/strong>.. duas paix\u00f5es juntas!<\/p>\n<p>[\/vc_column_text][vc_empty_space][vc_empty_space][vc_empty_space][\/vc_column][\/vc_row][vc_row full_width=&#8221;stretch_row_content_no_spaces&#8221; parallax=&#8221;content-moving-fade&#8221; parallax_image=&#8221;2248&#8243; bg_type=&#8221;image&#8221; parallax_style=&#8221;vcpb-default&#8221; bg_image_new=&#8221;id^2692|url^http:\/\/deliciasdavagueira.pt\/wp-content\/uploads\/2016\/12\/DEWDCN692N4_1.jpg|caption^null|alt^null|title^DEWDCN692N4_1|description^null&#8221; bg_image_repeat=&#8221;no-repeat&#8221; bg_img_attach=&#8221;fixed&#8221; bg_image_posiiton=&#8221;50% 50%&#8221; enable_overlay=&#8221;enable_overlay_value&#8221; overlay_color=&#8221;rgba(0,0,0,0.58)&#8221; overlay_pattern_opacity=&#8221;100&#8243; css=&#8221;.vc_custom_1495146812312{padding-top: 400px !important;padding-bottom: 453px !important;}&#8221;][vc_column][\/vc_column][\/vc_row][vc_row full_width=&#8221;stretch_row&#8221; css=&#8221;.vc_custom_1490278754024{padding-bottom: 60px !important;background-color: #222222 !important;}&#8221; el_class=&#8221;dark-row&#8221;][vc_column css=&#8221;.vc_custom_1486430569147{padding-bottom: 17px !important;}&#8221;][vc_column_text]<\/p>\n<h1 style=\"text-align: center;\">Fatos Interessantes<\/h1>\n<p>[\/vc_column_text][\/vc_column][vc_column width=&#8221;1\/3&#8243;][vc_column_text]<\/p>\n<p style=\"text-align: center;\"><strong>Dicas<\/strong><br \/>\nRecomendamos que comece as<strong> tours<\/strong> de manh\u00e3 cedo (09h00), e j\u00e1 agora traga um casaco quente. O tempo em <strong>Sintra<\/strong> \u00e9 sempre imprevisivel.<\/p>\n<p>[\/vc_column_text][\/vc_column][vc_column width=&#8221;1\/3&#8243;][vc_column_text]<\/p>\n<p style=\"text-align: center;\"><strong>Curiosidades<\/strong><\/p>\n<p style=\"text-align: center;\">Aqui existem espantosos monumentos, pal\u00e1cios, jardins e paisagens que fazem acordar todos os nossos sentidos.<\/p>\n<p>[\/vc_column_text][\/vc_column][vc_column width=&#8221;1\/3&#8243;][vc_column_text]<\/p>\n<p style=\"text-align: center;\"><strong>Objectivo<\/strong><\/p>\n<p style=\"text-align: center;\">Venha connosco descobrir a hist\u00f3ria m\u00e1gica sobre este lugar perfeito!!<\/p>\n<p>[\/vc_column_text][\/vc_column][\/vc_row][vc_row full_width=&#8221;stretch_row&#8221; css=&#8221;.vc_custom_1486431161843{background-color: #f7f7f7 !important;}&#8221;][vc_column offset=&#8221;vc_col-lg-offset-2 vc_col-lg-8&#8243;][\/vc_column][\/vc_row][vc_row full_width=&#8221;stretch_row&#8221; bg_type=&#8221;image&#8221; parallax_style=&#8221;vcpb-default&#8221; bg_image_new=&#8221;id^2696|url^http:\/\/deliciasdavagueira.pt\/wp-content\/uploads\/2016\/12\/kenmicyfph6z8uwbzlqq.jpg|caption^null|alt^null|title^kenmicyfph6z8uwbzlqq|description^null&#8221; bg_image_repeat=&#8221;no-repeat&#8221; bg_img_attach=&#8221;fixed&#8221; bg_image_posiiton=&#8221;50% 0%&#8221; enable_overlay=&#8221;enable_overlay_value&#8221; overlay_color=&#8221;rgba(0,0,0,0.5)&#8221; overlay_pattern_opacity=&#8221;100&#8243; css=&#8221;.vc_custom_1490632704498{padding-bottom: 64px !important;background-position: center !important;background-repeat: no-repeat !important;background-size: cover !important;}&#8221; el_class=&#8221;wowmall-white-text dark-row&#8221;][vc_column offset=&#8221;vc_col-lg-offset-2 vc_col-lg-8&#8243;][vc_column_text]<\/p>\n<h1 style=\"text-align: center;\">SINTRA<\/h1>\n<p>&nbsp;<\/p>\n<p style=\"text-align: center;\">Era uma vez um lugar encantado chamado Cintia, onde reis e rainhas viveram e onde as fam\u00edlias mais ricas construiram lindas casas para passar o Ver\u00e3o. Escritores e m\u00fasicos escreveram sobre ela.<\/p>\n<p style=\"text-align: center;\">E imagine, este lugar ainda existe, e agora chama-se Sintra.<br \/>\nEste \u00e9 um local onde pode encontrar um pal\u00e1cio encantado feito por um Rei artista, Fernando II. Um Pal\u00e1cio misterioso construido por um homem inteligente chamado Carvalho Monteiro, com a ajuda de um sen\u00f3grafo e arquitecto chamado Luigi Manini ou um lugar ex\u00f3tico com um toque mourisco.<\/p>\n<p>[\/vc_column_text][\/vc_column][\/vc_row]<\/p>\n","protected":false},"excerpt":{"rendered":"<p>[vc_row parallax=&#8221;content-moving&#8221; css=&#8221;.vc_custom_1492036540866{padding-top: 0px !important;}&#8221;][vc_column offset=&#8221;vc_col-lg-offset-2 vc_col-lg-8&#8243;][vc_empty_space][vc_column_text] Sobre N\u00f3s &nbsp; Bem-vindo a Sintra!! A nossa miss\u00e3o \u00e9 faze-lo feliz neste s\u00edtio m\u00e1gico. Este \u00e9 um local para relembrar com um sorriso na cara. N\u00f3s vivemos em Sintra e adoramos esta Vila. Somos uma empresa familiar que adora conhecer novas pessoas. Partilhar conhecimento com outros \u00e9 &#8230;<\/p>\n","protected":false},"author":1,"featured_media":0,"parent":0,"menu_order":0,"comment_status":"closed","ping_status":"closed","template":"","meta":{"footnotes":""},"class_list":["post-197","page","type-page","status-publish","hentry"],"_links":{"self":[{"href":"https:\/\/classicsintratours.pt\/pt-pt\/wp-json\/wp\/v2\/pages\/197"}],"collection":[{"href":"https:\/\/classicsintratours.pt\/pt-pt\/wp-json\/wp\/v2\/pages"}],"about":[{"href":"https:\/\/classicsintratours.pt\/pt-pt\/wp-json\/wp\/v2\/types\/page"}],"author":[{"embeddable":true,"href":"https:\/\/classicsintratours.pt\/pt-pt\/wp-json\/wp\/v2\/users\/1"}],"replies":[{"embeddable":true,"href":"https:\/\/classicsintratours.pt\/pt-pt\/wp-json\/wp\/v2\/comments?post=197"}],"version-history":[{"count":25,"href":"https:\/\/classicsintratours.pt\/pt-pt\/wp-json\/wp\/v2\/pages\/197\/revisions"}],"predecessor-version":[{"id":2509,"href":"https:\/\/classicsintratours.pt\/pt-pt\/wp-json\/wp\/v2\/pages\/197\/revisions\/2509"}],"wp:attachment":[{"href":"https:\/\/classicsintratours.pt\/pt-pt\/wp-json\/wp\/v2\/media?parent=197"}],"curies":[{"name":"wp","href":"https:\/\/api.w.org\/{rel}","templated":true}]}}